{"id":22,"date":"2026-02-02T12:42:39","date_gmt":"2026-02-02T12:42:39","guid":{"rendered":"https:\/\/flensleih.de\/start\/"},"modified":"2026-02-18T13:51:46","modified_gmt":"2026-02-18T13:51:46","slug":"start","status":"publish","type":"page","link":"https:\/\/flensleih.de\/en\/","title":{"rendered":"FLENSLEIH"},"content":{"rendered":"<div class=\"wp-block-group alignfull is-style-ext-preset--group--natural-1--section has-background-background-color has-background has-global-padding is-layout-constrained wp-block-group-is-layout-constrained\" style=\"margin-top:0;margin-bottom:0;padding-top:var(--wp--preset--spacing--50);padding-bottom:var(--wp--preset--spacing--70)\">\n<div class=\"wp-block-group alignwide is-vertical is-content-justification-center is-layout-flex wp-container-core-group-is-layout-c9ee0c5a wp-block-group-is-layout-flex\">\n<div class=\"wp-block-group has-global-padding is-layout-constrained wp-container-core-group-is-layout-2287c683 wp-block-group-is-layout-constrained\">\n<h1 class=\"wp-block-heading alignwide has-text-align-center\">Experience Flensburg with our flexible rental bikes<\/h1>\n\n\n\n<p class=\"has-text-align-center\">Flensleih.de offers high-quality bicycles for city rides and excursions\u2014easy booking guarantees your perfect riding experience.<\/p>\n<\/div>\n\n\n\n<div class=\"wp-block-buttons is-content-justification-center is-layout-flex wp-container-core-buttons-is-layout-a89b3969 wp-block-buttons-is-layout-flex\">\n<div class=\"wp-block-button is-style-ext-preset--button--natural-1--button-1 is-style-ext-preset--button--natural-1--button-1--2\"><a class=\"wp-block-button__link wp-element-button\" href=\"https:\/\/flensleih.de\/en\/#ueber-uns\">Book now<\/a><\/div>\n<\/div>\n<\/div>\n<\/div>\n\n\n\n<div class=\"wp-block-group alignfull is-style-ext-preset--group--natural-1--section has-tertiary-background-color has-background has-global-padding is-layout-constrained wp-block-group-is-layout-constrained\" id=\"ueber-uns\" style=\"margin-top:0;margin-bottom:0;padding-top:var(--wp--preset--spacing--70);padding-bottom:var(--wp--preset--spacing--70)\">\n<div class=\"wp-block-columns alignwide are-vertically-aligned-center is-layout-flex wp-container-core-columns-is-layout-174606dc wp-block-columns-is-layout-flex\">\n<div class=\"wp-block-column is-vertically-aligned-center is-layout-flow wp-block-column-is-layout-flow\">\n<div class=\"wp-block-group alignwide is-vertical is-layout-flex wp-container-core-group-is-layout-c35747d5 wp-block-group-is-layout-flex\">\n<div class=\"wp-block-group has-global-padding is-layout-constrained wp-container-core-group-is-layout-dd32767c wp-block-group-is-layout-constrained\">\n<h2 class=\"wp-block-heading\">Flexible bicycle rental with personal service in Flensburg<\/h2>\n\n\n\n<p>Flensleih offers high-quality rental bikes for city trips, fjord tours, and excursions into the surrounding area, making it easy to combine mobility and leisure in Flensburg.<\/p>\n<\/div>\n<\/div>\n<\/div>\n\n\n\n<div class=\"wp-block-column is-vertically-aligned-center is-layout-flow wp-block-column-is-layout-flow\">\n<figure class=\"wp-block-image is-style-ext-preset--image--natural-1--image-1--content-left is-style-ext-preset--image--natural-1--image-1--content-left--4\"><img loading=\"lazy\" decoding=\"async\" width=\"960\" height=\"1440\" src=\"https:\/\/flensleih.de\/wp-content\/uploads\/2026\/02\/52acdff2af8d38922915cf764123e2ce7e16ce12.jpg\" alt=\"\" class=\"wp-image-77\" style=\"aspect-ratio:1;object-fit:cover\"\/><\/figure>\n<\/div>\n<\/div>\n<\/div>\n\n\n\n<p>Select a period and find the right bike.<\/p>\n\n\n\n<bike-rental-service shop=\"radab-flensburg\" partner=\"radabflensburg\"><\/bike-rental-service>\n<script src=\"https:\/\/www.fahrradverleih-travanto.de\/js\/embed\/bike-rental-service.js\"><\/script>\n<script src=\"https:\/\/www.fahrradverleih-travanto.de\/js\/embed\/fallback.js\"><\/script>\n\n\n\n<div class=\"wp-block-group alignfull is-style-ext-preset--group--natural-1--section has-background-background-color has-background has-global-padding is-layout-constrained wp-container-core-group-is-layout-e955bbaf wp-block-group-is-layout-constrained\" id=\"blog\" style=\"margin-top:0;margin-bottom:0;padding-top:var(--wp--preset--spacing--70);padding-bottom:var(--wp--preset--spacing--70)\">\n<div class=\"wp-block-group alignwide is-vertical is-content-justification-center is-layout-flex wp-container-core-group-is-layout-c9ee0c5a wp-block-group-is-layout-flex\">\n<div class=\"wp-block-group has-global-padding is-layout-constrained wp-container-core-group-is-layout-2287c683 wp-block-group-is-layout-constrained\">\n<h2 class=\"wp-block-heading has-text-align-center\">Flensleih Blog<\/h2>\n\n\n\n<p class=\"has-text-align-center\">Discover exciting articles about bike rentals, tours in Flensburg, and tips for unforgettable bike rides along the fjord.<\/p>\n<\/div>\n<\/div>\n\n\n\n<div data-wp-context=\"{}\" data-wp-interactive=\"core\/query\" data-wp-key=\"10\" data-wp-router-region=\"query-10\" class=\"wp-block-query alignwide has-global-padding is-layout-constrained wp-container-core-query-is-layout-f1ba3e7e wp-block-query-is-layout-constrained\"><ul class=\"wp-block-post-template is-layout-flow wp-block-post-template-is-layout-flow\"><li data-wp-key=\"post-template-item-37\" class=\"wp-block-post post-37 post type-post status-publish format-standard has-post-thumbnail hentry category-category-3\">\n\n<div class=\"wp-block-media-text is-stacked-on-mobile is-style-ext-preset--media-text--natural-1--card-1 has-tertiary-background-color has-background is-style-ext-preset--media-text--natural-1--card-1--6\" style=\"grid-template-columns:33% auto\"><figure class=\"wp-block-media-text__media\"><img loading=\"lazy\" decoding=\"async\" width=\"512\" height=\"512\" src=\"https:\/\/flensleih.de\/wp-content\/uploads\/2026\/02\/WhatsApp-Image-2026-02-02-at-13.46.35.png\" alt=\"\" class=\"wp-image-58 size-full\" srcset=\"https:\/\/flensleih.de\/wp-content\/uploads\/2026\/02\/WhatsApp-Image-2026-02-02-at-13.46.35.png 512w, https:\/\/flensleih.de\/wp-content\/uploads\/2026\/02\/WhatsApp-Image-2026-02-02-at-13.46.35-300x300.png 300w, https:\/\/flensleih.de\/wp-content\/uploads\/2026\/02\/WhatsApp-Image-2026-02-02-at-13.46.35-150x150.png 150w, https:\/\/flensleih.de\/wp-content\/uploads\/2026\/02\/WhatsApp-Image-2026-02-02-at-13.46.35-12x12.png 12w\" sizes=\"auto, (max-width: 512px) 100vw, 512px\" \/><\/figure><div class=\"wp-block-media-text__content\">\n<div class=\"wp-block-group is-style-default is-layout-flow wp-block-group-is-layout-flow\"><div style=\"font-size:14px;font-style:normal;font-weight:600\" class=\"taxonomy-category has-link-color wp-elements-0b88878ed07489674acf66d42f03c23b wp-block-post-terms\"><a href=\"https:\/\/flensleih.de\/en\/category\/category-3\/\" rel=\"tag\">Kategorie 3<\/a><\/div>\n\n<h3 style=\"font-size:clamp(0.984rem, 0.984rem + ((1vw - 0.2rem) * 0.86), 1.5rem); margin-bottom:8px;margin-top:12px;\" class=\"wp-block-post-title\"><a href=\"https:\/\/flensleih.de\/en\/wie-sie-das-passende-leihrad-fuer-ihre-tour-finden\/\" target=\"_self\" >How to find the right rental bike for your tour<\/a><\/h3>\n\n<div style=\"margin-top:8px;margin-bottom:0;\" class=\"wp-block-post-excerpt has-small-font-size\"><p class=\"wp-block-post-excerpt__excerpt\">Finding the right rental bike is crucial for a comfortable, safe, and relaxed bike tour. Whether you're sightseeing in the city, going on a day trip, or taking a longer bike tour, with the right rental bike, every route becomes a pleasure. We are here to help you... <\/p><\/div>\n\n\n<div class=\"wp-block-group is-nowrap is-layout-flex wp-container-core-group-is-layout-3d15ce75 wp-block-group-is-layout-flex\" style=\"margin-top:24px;padding-top:0;padding-right:0;padding-bottom:0;padding-left:0\"><div class=\"wp-block-avatar\"><a href=\"https:\/\/flensleih.de\/en\/author\/admin\/\" target=\"_self\"  class=\"wp-block-avatar__link\"><img alt='admin Avatar' src='https:\/\/secure.gravatar.com\/avatar\/d971325be98655bfe27e9f32b4c8146bb1fbee2d35d3112cbcd0dd28622c4cad?s=48&#038;d=mm&#038;r=g' srcset='https:\/\/secure.gravatar.com\/avatar\/d971325be98655bfe27e9f32b4c8146bb1fbee2d35d3112cbcd0dd28622c4cad?s=96&#038;d=mm&#038;r=g 2x' class='avatar avatar-48 photo wp-block-avatar__image' height='48' width='48'  style=\"border-radius:100px;\"\/><\/a><\/div>\n\n<div style=\"font-size:14px;font-style:normal;font-weight:600;text-decoration:none;\" class=\"wp-block-post-author-name\"><a href=\"https:\/\/flensleih.de\/en\/author\/admin\/\" target=\"_self\" class=\"wp-block-post-author-name__link\">admin<\/a><\/div>\n\n\n<hr class=\"wp-block-separator has-text-color has-foreground-alt-color has-alpha-channel-opacity has-foreground-alt-background-color has-background wp-container-content-4daaf377\"\/>\n\n\n<div style=\"font-size:14px;text-transform:lowercase;\" class=\"wp-block-post-date\"><time datetime=\"2026-02-02T12:42:58+00:00\">3 months ago<\/time><\/div><\/div>\n<\/div>\n<\/div><\/div>\n\n<\/li><li data-wp-key=\"post-template-item-29\" class=\"wp-block-post post-29 post type-post status-publish format-standard has-post-thumbnail hentry category-category-3 tag-featured\">\n\n<div class=\"wp-block-media-text is-stacked-on-mobile is-style-ext-preset--media-text--natural-1--card-1 has-tertiary-background-color has-background is-style-ext-preset--media-text--natural-1--card-1--7\" style=\"grid-template-columns:33% auto\"><figure class=\"wp-block-media-text__media\"><img loading=\"lazy\" decoding=\"async\" width=\"512\" height=\"512\" src=\"https:\/\/flensleih.de\/wp-content\/uploads\/2026\/02\/WhatsApp-Image-2026-02-02-at-13.46.35.png\" alt=\"\" class=\"wp-image-58 size-full\" srcset=\"https:\/\/flensleih.de\/wp-content\/uploads\/2026\/02\/WhatsApp-Image-2026-02-02-at-13.46.35.png 512w, https:\/\/flensleih.de\/wp-content\/uploads\/2026\/02\/WhatsApp-Image-2026-02-02-at-13.46.35-300x300.png 300w, https:\/\/flensleih.de\/wp-content\/uploads\/2026\/02\/WhatsApp-Image-2026-02-02-at-13.46.35-150x150.png 150w, https:\/\/flensleih.de\/wp-content\/uploads\/2026\/02\/WhatsApp-Image-2026-02-02-at-13.46.35-12x12.png 12w\" sizes=\"auto, (max-width: 512px) 100vw, 512px\" \/><\/figure><div class=\"wp-block-media-text__content\">\n<div class=\"wp-block-group is-style-default is-layout-flow wp-block-group-is-layout-flow\"><div style=\"font-size:14px;font-style:normal;font-weight:600\" class=\"taxonomy-category has-link-color wp-elements-0b88878ed07489674acf66d42f03c23b wp-block-post-terms\"><a href=\"https:\/\/flensleih.de\/en\/category\/category-3\/\" rel=\"tag\">Kategorie 3<\/a><\/div>\n\n<h3 style=\"font-size:clamp(0.984rem, 0.984rem + ((1vw - 0.2rem) * 0.86), 1.5rem); margin-bottom:8px;margin-top:12px;\" class=\"wp-block-post-title\"><a href=\"https:\/\/flensleih.de\/en\/die-schoensten-fahrradrouten-rund-um-flensburg-entdecken\/\" target=\"_self\" >Discover the most beautiful bike routes around Flensburg<\/a><\/h3>\n\n<div style=\"margin-top:8px;margin-bottom:0;\" class=\"wp-block-post-excerpt has-small-font-size\"><p class=\"wp-block-post-excerpt__excerpt\">Flensburg and the surrounding area are a paradise for cyclists. Whether you are a vacationer, day visitor, or local, exploring Flensburg by bike is the ideal way to experience the city, nature, and coastline in a flexible and sustainable way. <\/p><\/div>\n\n\n<div class=\"wp-block-group is-nowrap is-layout-flex wp-container-core-group-is-layout-3d15ce75 wp-block-group-is-layout-flex\" style=\"margin-top:24px;padding-top:0;padding-right:0;padding-bottom:0;padding-left:0\"><div class=\"wp-block-avatar\"><a href=\"https:\/\/flensleih.de\/en\/author\/admin\/\" target=\"_self\"  class=\"wp-block-avatar__link\"><img alt='admin Avatar' src='https:\/\/secure.gravatar.com\/avatar\/d971325be98655bfe27e9f32b4c8146bb1fbee2d35d3112cbcd0dd28622c4cad?s=48&#038;d=mm&#038;r=g' srcset='https:\/\/secure.gravatar.com\/avatar\/d971325be98655bfe27e9f32b4c8146bb1fbee2d35d3112cbcd0dd28622c4cad?s=96&#038;d=mm&#038;r=g 2x' class='avatar avatar-48 photo wp-block-avatar__image' height='48' width='48'  style=\"border-radius:100px;\"\/><\/a><\/div>\n\n<div style=\"font-size:14px;font-style:normal;font-weight:600;text-decoration:none;\" class=\"wp-block-post-author-name\"><a href=\"https:\/\/flensleih.de\/en\/author\/admin\/\" target=\"_self\" class=\"wp-block-post-author-name__link\">admin<\/a><\/div>\n\n\n<hr class=\"wp-block-separator has-text-color has-foreground-alt-color has-alpha-channel-opacity has-foreground-alt-background-color has-background wp-container-content-4daaf377\"\/>\n\n\n<div style=\"font-size:14px;text-transform:lowercase;\" class=\"wp-block-post-date\"><time datetime=\"2026-02-02T12:42:49+00:00\">3 months ago<\/time><\/div><\/div>\n<\/div>\n<\/div><\/div>\n\n<\/li><li data-wp-key=\"post-template-item-25\" class=\"wp-block-post post-25 post type-post status-publish format-standard has-post-thumbnail hentry category-category-1 tag-featured\">\n\n<div class=\"wp-block-media-text is-stacked-on-mobile is-style-ext-preset--media-text--natural-1--card-1 has-tertiary-background-color has-background is-style-ext-preset--media-text--natural-1--card-1--8\" style=\"grid-template-columns:33% auto\"><figure class=\"wp-block-media-text__media\"><img loading=\"lazy\" decoding=\"async\" width=\"512\" height=\"512\" src=\"https:\/\/flensleih.de\/wp-content\/uploads\/2026\/02\/WhatsApp-Image-2026-02-02-at-13.46.35.png\" alt=\"\" class=\"wp-image-58 size-full\" srcset=\"https:\/\/flensleih.de\/wp-content\/uploads\/2026\/02\/WhatsApp-Image-2026-02-02-at-13.46.35.png 512w, https:\/\/flensleih.de\/wp-content\/uploads\/2026\/02\/WhatsApp-Image-2026-02-02-at-13.46.35-300x300.png 300w, https:\/\/flensleih.de\/wp-content\/uploads\/2026\/02\/WhatsApp-Image-2026-02-02-at-13.46.35-150x150.png 150w, https:\/\/flensleih.de\/wp-content\/uploads\/2026\/02\/WhatsApp-Image-2026-02-02-at-13.46.35-12x12.png 12w\" sizes=\"auto, (max-width: 512px) 100vw, 512px\" \/><\/figure><div class=\"wp-block-media-text__content\">\n<div class=\"wp-block-group is-style-default is-layout-flow wp-block-group-is-layout-flow\"><div style=\"font-size:14px;font-style:normal;font-weight:600\" class=\"taxonomy-category has-link-color wp-elements-0b88878ed07489674acf66d42f03c23b wp-block-post-terms\"><a href=\"https:\/\/flensleih.de\/en\/category\/category-1\/\" rel=\"tag\">Kategorie 1<\/a><\/div>\n\n<h3 style=\"font-size:clamp(0.984rem, 0.984rem + ((1vw - 0.2rem) * 0.86), 1.5rem); margin-bottom:8px;margin-top:12px;\" class=\"wp-block-post-title\"><a href=\"https:\/\/flensleih.de\/en\/warum-ein-fahrradverleih-in-flensburg-die-beste-wahl-ist\/\" target=\"_self\" >Warum ein Fahrradverleih in Flensburg die beste Wahl ist?<\/a><\/h3>\n\n<div style=\"margin-top:8px;margin-bottom:0;\" class=\"wp-block-post-excerpt has-small-font-size\"><p class=\"wp-block-post-excerpt__excerpt\">Ein Fahrradverleih in Flensburg ist die ideale M\u00f6glichkeit, die Stadt und ihre Umgebung flexibel, nachhaltig und komfortabel zu erkunden. Ob Urlauber, Tagesg\u00e4ste oder Einheimische \u2013 mit einem Mietfahrrad von Flensleih bist du&hellip; <\/p><\/div>\n\n\n<div class=\"wp-block-group is-nowrap is-layout-flex wp-container-core-group-is-layout-3d15ce75 wp-block-group-is-layout-flex\" style=\"margin-top:24px;padding-top:0;padding-right:0;padding-bottom:0;padding-left:0\"><div class=\"wp-block-avatar\"><a href=\"https:\/\/flensleih.de\/en\/author\/admin\/\" target=\"_self\"  class=\"wp-block-avatar__link\"><img alt='admin Avatar' src='https:\/\/secure.gravatar.com\/avatar\/d971325be98655bfe27e9f32b4c8146bb1fbee2d35d3112cbcd0dd28622c4cad?s=48&#038;d=mm&#038;r=g' srcset='https:\/\/secure.gravatar.com\/avatar\/d971325be98655bfe27e9f32b4c8146bb1fbee2d35d3112cbcd0dd28622c4cad?s=96&#038;d=mm&#038;r=g 2x' class='avatar avatar-48 photo wp-block-avatar__image' height='48' width='48'  style=\"border-radius:100px;\"\/><\/a><\/div>\n\n<div style=\"font-size:14px;font-style:normal;font-weight:600;text-decoration:none;\" class=\"wp-block-post-author-name\"><a href=\"https:\/\/flensleih.de\/en\/author\/admin\/\" target=\"_self\" class=\"wp-block-post-author-name__link\">admin<\/a><\/div>\n\n\n<hr class=\"wp-block-separator has-text-color has-foreground-alt-color has-alpha-channel-opacity has-foreground-alt-background-color has-background wp-container-content-4daaf377\"\/>\n\n\n<div style=\"font-size:14px;text-transform:lowercase;\" class=\"wp-block-post-date\"><time datetime=\"2026-02-02T12:42:43+00:00\">3 months ago<\/time><\/div><\/div>\n<\/div>\n<\/div><\/div>\n\n<\/li><\/ul>\n\n<\/div>\n\n\n\n<div class=\"wp-block-buttons alignwide is-content-justification-center is-layout-flex wp-container-core-buttons-is-layout-a89b3969 wp-block-buttons-is-layout-flex\">\n<div class=\"wp-block-button is-style-ext-preset--button--natural-1--button-1 is-style-ext-preset--button--natural-1--button-1--9\"><a class=\"wp-block-button__link wp-element-button\" href=\"https:\/\/flensleih.de\/en\/blog\/\">Alle Beitr\u00e4ge anzeigen<\/a><\/div>\n<\/div>\n<\/div>\n\n\n\n<div class=\"wp-block-group alignfull is-style-ext-preset--group--natural-1--section has-background-background-color has-background has-global-padding is-layout-constrained wp-block-group-is-layout-constrained\" style=\"margin-top:0;margin-bottom:0;padding-top:0;padding-bottom:0\">\n<div class=\"wp-block-cover alignfull is-style-ext-preset--cover--natural-1--cover-overlay-1 is-style-ext-preset--cover--natural-1--cover-overlay-1--11\" style=\"padding-top:var(--wp--preset--spacing--70);padding-right:var(--wp--preset--spacing--30);padding-bottom:var(--wp--preset--spacing--70);padding-left:var(--wp--preset--spacing--30)\"><img loading=\"lazy\" decoding=\"async\" width=\"960\" height=\"1440\" class=\"wp-block-cover__image-background wp-image-102\" alt=\"\" src=\"https:\/\/flensleih.de\/wp-content\/uploads\/2026\/02\/fa1ec085b605f7ae7b435267bc354a01d4d133c6.jpg\" data-object-fit=\"cover\" srcset=\"https:\/\/flensleih.de\/wp-content\/uploads\/2026\/02\/fa1ec085b605f7ae7b435267bc354a01d4d133c6.jpg 960w, https:\/\/flensleih.de\/wp-content\/uploads\/2026\/02\/fa1ec085b605f7ae7b435267bc354a01d4d133c6-200x300.jpg 200w, https:\/\/flensleih.de\/wp-content\/uploads\/2026\/02\/fa1ec085b605f7ae7b435267bc354a01d4d133c6-683x1024.jpg 683w, https:\/\/flensleih.de\/wp-content\/uploads\/2026\/02\/fa1ec085b605f7ae7b435267bc354a01d4d133c6-768x1152.jpg 768w, https:\/\/flensleih.de\/wp-content\/uploads\/2026\/02\/fa1ec085b605f7ae7b435267bc354a01d4d133c6-8x12.jpg 8w\" sizes=\"auto, (max-width: 960px) 100vw, 960px\" \/><span aria-hidden=\"true\" class=\"wp-block-cover__background has-background-dim-80 has-background-dim\" style=\"background-color:#010101\"><\/span><div class=\"wp-block-cover__inner-container has-global-padding is-layout-constrained wp-container-core-cover-is-layout-5cffc2c1 wp-block-cover-is-layout-constrained\">\n<div class=\"wp-block-group alignwide is-vertical is-layout-flex wp-container-core-group-is-layout-c35747d5 wp-block-group-is-layout-flex\">\n<div class=\"wp-block-group has-global-padding is-layout-constrained wp-container-core-group-is-layout-2287c683 wp-block-group-is-layout-constrained\">\n<h2 class=\"wp-block-heading has-text-align-left\">High-quality bikes for touring in Flensburg<\/h2>\n\n\n\n<p class=\"has-text-align-left\">Rent your bike now and discover Flensburg flexibly and conveniently \u2013 simply book online and start cycling!<\/p>\n<\/div>\n\n\n\n<div class=\"wp-block-buttons is-layout-flex wp-block-buttons-is-layout-flex\">\n<div class=\"wp-block-button is-style-ext-preset--button--natural-1--button-1 is-style-ext-preset--button--natural-1--button-1--12\"><a class=\"wp-block-button__link wp-element-button\" href=\"https:\/\/flensleih.de\/en\/#ueber-uns\">Book now<\/a><\/div>\n<\/div>\n<\/div>\n<\/div><\/div>\n<\/div>\n\n\n\n<div class=\"wp-block-group alignfull is-style-ext-preset--group--natural-1--section has-tertiary-background-color has-background has-global-padding is-layout-constrained wp-block-group-is-layout-constrained\" id=\"kontakt\" style=\"margin-top:0;margin-bottom:0;padding-top:var(--wp--preset--spacing--70);padding-bottom:var(--wp--preset--spacing--70)\">\n<h2 class=\"wp-block-heading\">Any questions? Write to us.<\/h2>\n\n\n\n<div class=\"wp-block-media-text alignwide has-media-on-the-right is-stacked-on-mobile is-image-fill-element is-style-ext-preset--media-text--natural-1--card-1 has-background-background-color has-background is-style-ext-preset--media-text--natural-1--card-1--14\" style=\"grid-template-columns:auto 48%\"><div class=\"wp-block-media-text__content\">\n<div class=\"wp-block-group alignwide has-global-padding is-layout-constrained wp-container-core-group-is-layout-48493932 wp-block-group-is-layout-constrained\" style=\"padding-top:var(--wp--preset--spacing--55);padding-right:var(--wp--preset--spacing--55);padding-bottom:var(--wp--preset--spacing--55);padding-left:var(--wp--preset--spacing--55)\">\n<div class=\"wp-block-contact-form-7-contact-form-selector\">\n<div class=\"wpcf7 no-js\" id=\"wpcf7-f20-o1\" lang=\"de-DE\" dir=\"ltr\" data-wpcf7-id=\"20\">\n<div class=\"screen-reader-response\"><p role=\"status\" aria-live=\"polite\" aria-atomic=\"true\"><\/p> <ul><\/ul><\/div>\n<form action=\"\/en\/wp-json\/wp\/v2\/pages\/22#wpcf7-f20-o1\" method=\"post\" class=\"wpcf7-form init\" aria-label=\"Kontaktformular\" novalidate=\"novalidate\" data-status=\"init\" data-trp-original-action=\"\/en\/wp-json\/wp\/v2\/pages\/22#wpcf7-f20-o1\">\n<fieldset class=\"hidden-fields-container\"><input type=\"hidden\" name=\"_wpcf7\" value=\"20\" \/><input type=\"hidden\" name=\"_wpcf7_version\" value=\"6.1.5\" \/><input type=\"hidden\" name=\"_wpcf7_locale\" value=\"de_DE\" \/><input type=\"hidden\" name=\"_wpcf7_unit_tag\" value=\"wpcf7-f20-o1\" \/><input type=\"hidden\" name=\"_wpcf7_container_post\" value=\"0\" \/><input type=\"hidden\" name=\"_wpcf7_posted_data_hash\" value=\"\" \/>\n<\/fieldset>\n<p><label> Dein Name<br \/>\n<span class=\"wpcf7-form-control-wrap\" data-name=\"your-name\"><input size=\"40\" maxlength=\"400\" class=\"wpcf7-form-control wpcf7-text wpcf7-validates-as-required\" autocomplete=\"name\" aria-required=\"true\" aria-invalid=\"false\" value=\"\" type=\"text\" name=\"your-name\" \/><\/span> <\/label>\n<\/p>\n<p><label> Deine E-Mail-Adresse<br \/>\n<span class=\"wpcf7-form-control-wrap\" data-name=\"your-email\"><input size=\"40\" maxlength=\"400\" class=\"wpcf7-form-control wpcf7-email wpcf7-validates-as-required wpcf7-text wpcf7-validates-as-email\" autocomplete=\"email\" aria-required=\"true\" aria-invalid=\"false\" value=\"\" type=\"email\" name=\"your-email\" \/><\/span> <\/label>\n<\/p>\n<p><label> Betreff<br \/>\n<span class=\"wpcf7-form-control-wrap\" data-name=\"your-subject\"><input size=\"40\" maxlength=\"400\" class=\"wpcf7-form-control wpcf7-text wpcf7-validates-as-required\" aria-required=\"true\" aria-invalid=\"false\" value=\"\" type=\"text\" name=\"your-subject\" \/><\/span> <\/label>\n<\/p>\n<p><label> Deine Nachricht (optional)<br \/>\n<span class=\"wpcf7-form-control-wrap\" data-name=\"your-message\"><textarea cols=\"40\" rows=\"10\" maxlength=\"2000\" class=\"wpcf7-form-control wpcf7-textarea\" aria-invalid=\"false\" name=\"your-message\"><\/textarea><\/span> <\/label>\n<\/p>\n<p><input class=\"wpcf7-form-control wpcf7-submit has-spinner\" type=\"submit\" value=\"Senden\" \/>\n<\/p><div class=\"wpcf7-response-output\" aria-hidden=\"true\"><\/div>\n<input type=\"hidden\" name=\"trp-form-language\" value=\"en\"\/><\/form>\n<\/div>\n<\/div>\n<\/div>\n<\/div><figure class=\"wp-block-media-text__media\"><img loading=\"lazy\" decoding=\"async\" width=\"512\" height=\"512\" src=\"https:\/\/flensleih.de\/wp-content\/uploads\/2026\/02\/WhatsApp-Image-2026-02-02-at-13.46.35.png\" alt=\"\" class=\"wp-image-58 size-full\" style=\"object-position:50% 50%\" srcset=\"https:\/\/flensleih.de\/wp-content\/uploads\/2026\/02\/WhatsApp-Image-2026-02-02-at-13.46.35.png 512w, https:\/\/flensleih.de\/wp-content\/uploads\/2026\/02\/WhatsApp-Image-2026-02-02-at-13.46.35-300x300.png 300w, https:\/\/flensleih.de\/wp-content\/uploads\/2026\/02\/WhatsApp-Image-2026-02-02-at-13.46.35-150x150.png 150w, https:\/\/flensleih.de\/wp-content\/uploads\/2026\/02\/WhatsApp-Image-2026-02-02-at-13.46.35-12x12.png 12w\" sizes=\"auto, (max-width: 512px) 100vw, 512px\" \/><\/figure><\/div>\n<\/div>","protected":false},"excerpt":{"rendered":"<p>Erleben Sie Flensburg mit unseren flexiblen Leihr\u00e4dern Flensleih.de bietet hochwertige Fahrr\u00e4der f\u00fcr Stadtfahrten und Ausfl\u00fcge \u2013 unkomplizierte Buchung garantiert Ihr perfektes Fahrerlebnis. Flexibler Fahrrad- verleih mit pers\u00f6nlichem Service in Flensburg Flensleih bietet hochwertige Leihr\u00e4der f\u00fcr Stadtfahrten, F\u00f6rdetouren und Ausfl\u00fcge ins Umland, um Mobilit\u00e4t und Freizeit in Flensburg unkompliziert zu verbinden. Zeitraum ausw\u00e4hlen und das passende [&hellip;]<\/p>\n","protected":false},"author":1,"featured_media":0,"parent":0,"menu_order":0,"comment_status":"closed","ping_status":"closed","template":"no-title-sticky-header","meta":{"footnotes":""},"class_list":["post-22","page","type-page","status-publish","hentry"],"aioseo_notices":[],"_links":{"self":[{"href":"https:\/\/flensleih.de\/en\/wp-json\/wp\/v2\/pages\/22","targetHints":{"allow":["GET"]}}],"collection":[{"href":"https:\/\/flensleih.de\/en\/wp-json\/wp\/v2\/pages"}],"about":[{"href":"https:\/\/flensleih.de\/en\/wp-json\/wp\/v2\/types\/page"}],"author":[{"embeddable":true,"href":"https:\/\/flensleih.de\/en\/wp-json\/wp\/v2\/users\/1"}],"replies":[{"embeddable":true,"href":"https:\/\/flensleih.de\/en\/wp-json\/wp\/v2\/comments?post=22"}],"version-history":[{"count":17,"href":"https:\/\/flensleih.de\/en\/wp-json\/wp\/v2\/pages\/22\/revisions"}],"predecessor-version":[{"id":110,"href":"https:\/\/flensleih.de\/en\/wp-json\/wp\/v2\/pages\/22\/revisions\/110"}],"wp:attachment":[{"href":"https:\/\/flensleih.de\/en\/wp-json\/wp\/v2\/media?parent=22"}],"curies":[{"name":"wp","href":"https:\/\/api.w.org\/{rel}","templated":true}]}}